{"id":404,"date":"2019-07-09T10:55:56","date_gmt":"2019-07-09T10:55:56","guid":{"rendered":"http:\/\/vidaltech.net\/?page_id=404"},"modified":"2021-02-24T16:39:15","modified_gmt":"2021-02-24T16:39:15","slug":"noticies","status":"publish","type":"page","link":"https:\/\/vidaltech.net\/en\/noticies\/","title":{"rendered":"News"},"content":{"rendered":"<section class=\"l-section wpb_row height_small\"><div class=\"l-section-h i-cf\"><div class=\"g-cols vc_row via_flex valign_top type_default stacking_default\"><div class=\"vc_col-sm-12 wpb_column vc_column_container\"><div class=\"vc_column-inner\"><div class=\"wpb_wrapper\"><h1 class=\"w-post-elm post_title us_custom_47ffbcae align_center entry-title color_link_inherit\">News<\/h1><div class=\"w-separator size_medium\"><\/div><div class=\"w-grid us_grid type_grid layout_458 cols_1 pagination_infinite preload_style_spinner\" id=\"us_grid_1\" style=\"--columns:1;--gap:1.5rem;\" data-filterable=\"true\"><style>.layout_458 .w-grid-item-h{}@media(max-width:479px){.layout_458 .usg_post_image_1{display:none!important}}.layout_458 .usg_hwrapper_1{margin-left:10%!important;padding-top:6%!important;padding-bottom:6%!important;background:#f2f2f2!important}.layout_458 .usg_vwrapper_1{margin-left:7%!important;width:48%!important}.layout_458 .usg_post_date_1{font-family:var(--font-family)!important;font-size:0.9rem!important}.layout_458 .usg_post_title_1{font-family:var(--h1-font-family)!important;font-weight:700!important;line-height:1.2!important}.layout_458 .usg_post_content_1{padding-top:2rem!important;font-family:var(--font-family)!important;font-size:0.9rem!important}.layout_458 .usg_post_image_1{margin-right:0!important;margin-left:-11%!important;width:50%!important}<\/style><div class=\"w-grid-list\">\t<article class=\"w-grid-item size_1x1 post-433 post type-post status-publish format-standard has-post-thumbnail sticky hentry category-actualidad-vidaltech\" data-id=\"433\">\r\n\t\t<div class=\"w-grid-item-h\">\r\n\t\t\t\t\t\t\t<a href=\"https:\/\/vidaltech.net\/en\/planxisteria-industrial-m-vidal-sl-es-ara-vidaltech\/\" class=\"w-grid-item-anchor\" aria-label=\"Planxisteria Ind. M.VIDAL, SL is now VIDALTECH\"><\/a>\r\n\t\t\t\t\t\t<div class=\"w-hwrapper usg_hwrapper_1 align_left valign_top\"><div class=\"w-post-elm post_image usg_post_image_1 has_width stretched\"><img loading=\"lazy\" decoding=\"async\" width=\"1000\" height=\"600\" src=\"https:\/\/vidaltech.net\/wp-content\/uploads\/2019\/07\/noticia-1-1-1000x600.jpg\" class=\"attachment-us_1000_600_crop size-us_1000_600_crop wp-post-image\" alt=\"\" \/><\/div><div class=\"w-vwrapper usg_vwrapper_1 align_left valign_top\"><time class=\"w-post-elm post_date usg_post_date_1 entry-date published\" datetime=\"%2\">9\/07\/2019<\/time><h2 class=\"w-post-elm post_title usg_post_title_1 entry-title color_link_inherit\">Planxisteria Ind. M.VIDAL, SL is now VIDALTECH<\/h2><div class=\"w-post-elm post_content usg_post_content_1\">Currently run by the third generation of the Vidal family, Planxisteria Industrial M.Vidal, S.L. gives new impetus to a company with over 50 years\u2019 experience in the metal sector, with&hellip;<\/div><\/div><\/div>\t\t<\/div>\r\n\t\t\t<\/article>\r\n\t<article class=\"w-grid-item size_1x1 post-1469 post type-post status-publish format-standard has-post-thumbnail hentry category-actualidad-vidaltech\" data-id=\"1469\">\r\n\t\t<div class=\"w-grid-item-h\">\r\n\t\t\t\t\t\t\t<a href=\"https:\/\/vidaltech.net\/en\/mecanizados-gumer-ya-forma-parte-de-vidaltech\/\" class=\"w-grid-item-anchor\" aria-label=\"Mecanizados Gumer is already part of VidalTech\"><\/a>\r\n\t\t\t\t\t\t<div class=\"w-hwrapper usg_hwrapper_1 align_left valign_top\"><div class=\"w-post-elm post_image usg_post_image_1 has_width stretched\"><img loading=\"lazy\" decoding=\"async\" width=\"1000\" height=\"600\" src=\"https:\/\/vidaltech.net\/wp-content\/uploads\/2021\/02\/fresadora-01-1000x600.jpg\" class=\"attachment-us_1000_600_crop size-us_1000_600_crop wp-post-image\" alt=\"\" \/><\/div><div class=\"w-vwrapper usg_vwrapper_1 align_left valign_top\"><time class=\"w-post-elm post_date usg_post_date_1 entry-date published\" datetime=\"%2\">25\/02\/2021<\/time><h2 class=\"w-post-elm post_title usg_post_title_1 entry-title color_link_inherit\">Mecanizados Gumer is already part of VidalTech<\/h2><div class=\"w-post-elm post_content usg_post_content_1\">VidalTech has acquired Mecanizados Gumer, a specialist in mechanization processes. With this acquisition, we managed to improve our process with a mechanization section, and with specific turning, milling and toothing&hellip;<\/div><\/div><\/div>\t\t<\/div>\r\n\t\t\t<\/article>\r\n\t<article class=\"w-grid-item size_1x1 post-1355 post type-post status-publish format-standard has-post-thumbnail hentry category-actualidad-vidaltech tag-siane tag-vidaltech\" data-id=\"1355\">\r\n\t\t<div class=\"w-grid-item-h\">\r\n\t\t\t\t\t\t\t<a href=\"https:\/\/vidaltech.net\/en\/catala-vidaltech-altres-empreses-catalanes-participen-la-fira-industrial-de-tolosa-de-llenguadoc\/\" class=\"w-grid-item-anchor\" aria-label=\"VidalTech i altres empreses catalanes participen a la fira industrial de Tolosa de Llenguadoc\"><\/a>\r\n\t\t\t\t\t\t<div class=\"w-hwrapper usg_hwrapper_1 align_left valign_top\"><div class=\"w-post-elm post_image usg_post_image_1 has_width stretched\"><img loading=\"lazy\" decoding=\"async\" width=\"1000\" height=\"600\" src=\"https:\/\/vidaltech.net\/wp-content\/uploads\/2019\/11\/VidalTech_Siane-1000x600.jpg\" class=\"attachment-us_1000_600_crop size-us_1000_600_crop wp-post-image\" alt=\"Vidaltech a la fira Siane 2019\" \/><\/div><div class=\"w-vwrapper usg_vwrapper_1 align_left valign_top\"><time class=\"w-post-elm post_date usg_post_date_1 entry-date published\" datetime=\"%2\">19\/11\/2019<\/time><h2 class=\"w-post-elm post_title usg_post_title_1 entry-title color_link_inherit\">VidalTech i altres empreses catalanes participen a la fira industrial de Tolosa de Llenguadoc<\/h2><div class=\"w-post-elm post_content usg_post_content_1\">Sorry, this entry is only available in Catal\u00e0.<\/div><\/div><\/div>\t\t<\/div>\r\n\t\t\t<\/article>\r\n\t<article class=\"w-grid-item size_1x1 post-1151 post type-post status-publish format-standard has-post-thumbnail hentry category-actualidad-vidaltech tag-vidaltech\" data-id=\"1151\">\r\n\t\t<div class=\"w-grid-item-h\">\r\n\t\t\t\t\t\t\t<a href=\"https:\/\/vidaltech.net\/en\/el-proces-de-digitalitzacio-de-vidaltech-leconomic-del-punt-avui\/\" class=\"w-grid-item-anchor\" aria-label=\"El proc\u00e9s de digitalitzaci\u00f3 de VidalTech a L&#8217;Econ\u00f2mic del Punt Avui\"><\/a>\r\n\t\t\t\t\t\t<div class=\"w-hwrapper usg_hwrapper_1 align_left valign_top\"><div class=\"w-post-elm post_image usg_post_image_1 has_width stretched\"><img loading=\"lazy\" decoding=\"async\" width=\"800\" height=\"458\" src=\"https:\/\/vidaltech.net\/wp-content\/uploads\/2019\/09\/VidalTech-a-El-Punt-Avui.jpg\" class=\"attachment-us_1000_600_crop size-us_1000_600_crop wp-post-image\" alt=\"VidalTech a El Punt Avui\" srcset=\"https:\/\/vidaltech.net\/wp-content\/uploads\/2019\/09\/VidalTech-a-El-Punt-Avui.jpg 800w, https:\/\/vidaltech.net\/wp-content\/uploads\/2019\/09\/VidalTech-a-El-Punt-Avui-300x172.jpg 300w\" sizes=\"auto, (max-width: 800px) 100vw, 800px\" \/><\/div><div class=\"w-vwrapper usg_vwrapper_1 align_left valign_top\"><time class=\"w-post-elm post_date usg_post_date_1 entry-date published\" datetime=\"%2\">4\/10\/2019<\/time><h2 class=\"w-post-elm post_title usg_post_title_1 entry-title color_link_inherit\">El proc\u00e9s de digitalitzaci\u00f3 de VidalTech a L&#8217;Econ\u00f2mic del Punt Avui<\/h2><div class=\"w-post-elm post_content usg_post_content_1\">Sorry, this entry is only available in Catal\u00e0.<\/div><\/div><\/div>\t\t<\/div>\r\n\t\t\t<\/article>\r\n\t<article class=\"w-grid-item size_1x1 post-1288 post type-post status-publish format-standard has-post-thumbnail hentry category-actualidad-vidaltech tag-siane tag-vidaltech\" data-id=\"1288\">\r\n\t\t<div class=\"w-grid-item-h\">\r\n\t\t\t\t\t\t\t<a href=\"https:\/\/vidaltech.net\/en\/catala-vidaltech-sera-present-al-salon-industrial-siane-2019\/\" class=\"w-grid-item-anchor\" aria-label=\"Vidaltech takes part in the Salon Siane 2019\"><\/a>\r\n\t\t\t\t\t\t<div class=\"w-hwrapper usg_hwrapper_1 align_left valign_top\"><div class=\"w-post-elm post_image usg_post_image_1 has_width stretched\"><img loading=\"lazy\" decoding=\"async\" width=\"1000\" height=\"367\" src=\"https:\/\/vidaltech.net\/wp-content\/uploads\/2019\/09\/logo_SIANE_1500x367-1000x367.jpg\" class=\"attachment-us_1000_600_crop size-us_1000_600_crop wp-post-image\" alt=\"Logo Siane\" \/><\/div><div class=\"w-vwrapper usg_vwrapper_1 align_left valign_top\"><time class=\"w-post-elm post_date usg_post_date_1 entry-date published\" datetime=\"%2\">30\/09\/2019<\/time><h2 class=\"w-post-elm post_title usg_post_title_1 entry-title color_link_inherit\">Vidaltech takes part in the Salon Siane 2019<\/h2><div class=\"w-post-elm post_content usg_post_content_1\">Our company will be present at the Salon Siane 2019\u00a0to be held in Toulouse (FRA) between October 22 and 24. The Salon Siane is the main industrial subcontracting fair in&hellip;<\/div><\/div><\/div>\t\t<\/div>\r\n\t\t\t<\/article>\r\n\t<article class=\"w-grid-item size_1x1 post-431 post type-post status-publish format-standard has-post-thumbnail hentry category-actualidad-vidaltech\" data-id=\"431\">\r\n\t\t<div class=\"w-grid-item-h\">\r\n\t\t\t\t\t\t\t<a href=\"https:\/\/vidaltech.net\/en\/vidaltech-participa-al-projecte-xpande-digital\/\" class=\"w-grid-item-anchor\" aria-label=\"Vidaltech takes part in the Xpande Digital project\"><\/a>\r\n\t\t\t\t\t\t<div class=\"w-hwrapper usg_hwrapper_1 align_left valign_top\"><div class=\"w-post-elm post_image usg_post_image_1 has_width stretched\"><img loading=\"lazy\" decoding=\"async\" width=\"1000\" height=\"600\" src=\"https:\/\/vidaltech.net\/wp-content\/uploads\/2019\/07\/noticia-2-1000x600.jpg\" class=\"attachment-us_1000_600_crop size-us_1000_600_crop wp-post-image\" alt=\"\" \/><\/div><div class=\"w-vwrapper usg_vwrapper_1 align_left valign_top\"><time class=\"w-post-elm post_date usg_post_date_1 entry-date published\" datetime=\"%2\">9\/07\/2019<\/time><h2 class=\"w-post-elm post_title usg_post_title_1 entry-title color_link_inherit\">Vidaltech takes part in the Xpande Digital project<\/h2><div class=\"w-post-elm post_content usg_post_content_1\">With the support of the Manresa Chamber of Commerce and the ERDF European Regional Development Fund, the project aims to boost the international presence of companies via the internet. This&hellip;<\/div><\/div><\/div>\t\t<\/div>\r\n\t\t\t<\/article>\r\n\t<article class=\"w-grid-item size_1x1 post-584 post type-post status-publish format-standard has-post-thumbnail hentry category-actualidad-vidaltech\" data-id=\"584\">\r\n\t\t<div class=\"w-grid-item-h\">\r\n\t\t\t\t\t\t\t<a href=\"https:\/\/vidaltech.net\/en\/vidaltech-amb-projectes-dinnovacio-adrecats-a-leconomia-circular\/\" class=\"w-grid-item-anchor\" aria-label=\"Vidaltech with innovation projects aimed at the circular economy\"><\/a>\r\n\t\t\t\t\t\t<div class=\"w-hwrapper usg_hwrapper_1 align_left valign_top\"><div class=\"w-post-elm post_image usg_post_image_1 has_width stretched\"><img loading=\"lazy\" decoding=\"async\" width=\"1000\" height=\"600\" src=\"https:\/\/vidaltech.net\/wp-content\/uploads\/2019\/07\/FILTRE-PURINS-1000x600.jpg\" class=\"attachment-us_1000_600_crop size-us_1000_600_crop wp-post-image\" alt=\"\" \/><\/div><div class=\"w-vwrapper usg_vwrapper_1 align_left valign_top\"><time class=\"w-post-elm post_date usg_post_date_1 entry-date published\" datetime=\"%2\">16\/07\/2019<\/time><h2 class=\"w-post-elm post_title usg_post_title_1 entry-title color_link_inherit\">Vidaltech with innovation projects aimed at the circular economy<\/h2><div class=\"w-post-elm post_content usg_post_content_1\">The new regulation that bans farmers from applying slurry to crops with the traditional muck-spreading or spraying system has led to the adaptation of slurry injection equipment. Vidaltech has worked&hellip;<\/div><\/div><\/div>\t\t<\/div>\r\n\t\t\t<\/article>\r\n<\/div>\t<div class=\"w-grid-preloader\">\r\n\t\t<div class=\"g-preloader type_1\">\r\n\t\t\t<div><\/div>\r\n\t\t<\/div>\r\n\t<\/div>\r\n\t\t<div class=\"w-grid-json hidden\" onclick='return {&quot;action&quot;:&quot;us_ajax_grid&quot;,&quot;infinite_scroll&quot;:0,&quot;max_num_pages&quot;:1,&quot;pagination&quot;:&quot;infinite&quot;,&quot;template_vars&quot;:{&quot;columns&quot;:&quot;1&quot;,&quot;exclude_items&quot;:&quot;none&quot;,&quot;img_size&quot;:&quot;default&quot;,&quot;ignore_items_size&quot;:0,&quot;items_layout&quot;:&quot;458&quot;,&quot;items_offset&quot;:&quot;1&quot;,&quot;load_animation&quot;:&quot;none&quot;,&quot;overriding_link&quot;:&quot;%7B%22type%22%3A%22post%22%7D&quot;,&quot;post_id&quot;:0,&quot;query_args&quot;:{&quot;post_type&quot;:[&quot;post&quot;],&quot;post_status&quot;:[&quot;publish&quot;],&quot;posts_per_page&quot;:999},&quot;orderby_query_args&quot;:{&quot;orderby&quot;:{&quot;date&quot;:&quot;DESC&quot;}},&quot;type&quot;:&quot;grid&quot;,&quot;us_grid_post_type&quot;:&quot;post&quot;,&quot;us_grid_ajax_index&quot;:1,&quot;us_grid_filter_query_string&quot;:null,&quot;us_grid_index&quot;:1,&quot;page_args&quot;:[]}}'><\/div>\r\n\t<\/div><div class=\"w-separator size_medium\"><\/div><\/div><\/div><\/div><\/div><\/div><\/section>\n","protected":false},"excerpt":{"rendered":"The new regulation that bans farmers from applying slurry to crops with the traditional muck-spreading or spraying system has led to the adaptation of slurry injection equipment. Vidaltech has worked with the APLIPUR company, manufacturer of the only slurry applier on the market made 100% from stainless steel, in the prototyping, improvement and manufacture of...","protected":false},"author":1,"featured_media":0,"parent":0,"menu_order":6,"comment_status":"closed","ping_status":"closed","template":"","meta":{"footnotes":""},"class_list":["post-404","page","type-page","status-publish","hentry"],"_links":{"self":[{"href":"https:\/\/vidaltech.net\/en\/wp-json\/wp\/v2\/pages\/404","targetHints":{"allow":["GET"]}}],"collection":[{"href":"https:\/\/vidaltech.net\/en\/wp-json\/wp\/v2\/pages"}],"about":[{"href":"https:\/\/vidaltech.net\/en\/wp-json\/wp\/v2\/types\/page"}],"author":[{"embeddable":true,"href":"https:\/\/vidaltech.net\/en\/wp-json\/wp\/v2\/users\/1"}],"replies":[{"embeddable":true,"href":"https:\/\/vidaltech.net\/en\/wp-json\/wp\/v2\/comments?post=404"}],"version-history":[{"count":0,"href":"https:\/\/vidaltech.net\/en\/wp-json\/wp\/v2\/pages\/404\/revisions"}],"wp:attachment":[{"href":"https:\/\/vidaltech.net\/en\/wp-json\/wp\/v2\/media?parent=404"}],"curies":[{"name":"wp","href":"https:\/\/api.w.org\/{rel}","templated":true}]}}