{"id":10,"date":"2019-06-20T09:07:57","date_gmt":"2019-06-20T09:07:57","guid":{"rendered":"http:\/\/vidaltech.net\/?page_id=10"},"modified":"2021-02-26T09:14:25","modified_gmt":"2021-02-26T09:14:25","slug":"inici","status":"publish","type":"page","link":"https:\/\/vidaltech.net\/fr\/","title":{"rendered":"Accueil"},"content":{"rendered":"<section class=\"l-section wpb_row height_auto width_full\"><div class=\"l-section-h i-cf\"><div class=\"g-cols vc_row via_flex valign_top type_default stacking_default\"><div class=\"vc_col-sm-12 wpb_column vc_column_container\"><div class=\"vc_column-inner\"><div class=\"wpb_wrapper\">\n\t\t\t<!-- START slider_video_FRA REVOLUTION SLIDER 6.7.41 --><p class=\"rs-p-wp-fix\"><\/p>\n\t\t\t<rs-module-wrap id=\"rev_slider_4_4_wrapper\" data-source=\"gallery\" style=\"visibility:hidden;background:transparent;padding:0;margin:0px auto;margin-top:0;margin-bottom:0;\">\n\t\t\t\t<rs-module id=\"rev_slider_4_4\" class=\" rs-ov-hidden\" style=\"\" data-version=\"6.7.41\">\n\t\t\t\t\t<rs-slides style=\"overflow: hidden; position: absolute;\">\n\t\t\t\t\t\t<rs-slide style=\"position: absolute;\" data-key=\"rs-4\" data-title=\"Slide\" data-duration=\"18000\" data-anim=\"ms:600;r:0;\" data-in=\"o:0;\" data-out=\"a:false;\">\n\t\t\t\t\t\t\t<img decoding=\"async\" src=\"\/\/vidaltech.net\/wp-content\/plugins\/revslider\/sr6\/assets\/assets\/dummy.png\" alt=\"\" title=\"El proc\u00e9s de digitalitzaci\u00f3 de VidalTech a L&rsquo;Econ\u00f2mic del Punt Avui\" class=\"rev-slidebg tp-rs-img rs-lazyload\" data-lazyload=\"\/\/vidaltech.net\/wp-content\/uploads\/2019\/06\/pantalla-logo.jpg\" data-parallax=\"off\" data-no-retina>\n\t\t\t\t\t\t\t<rs-bgvideo \n\t\t\t\t\t\t\t\tdata-video=\"v:100;w:100%;h:100%;nse:false;l:true;ptimer:false;vfc:true;\"\n\t\t\t\t\t\t\t\tdata-mp4=\"\/\/vidaltech.net\/wp-content\/uploads\/2019\/07\/VidalTech-col.mp4\"\n\t\t\t\t\t\t\t><\/rs-bgvideo>\n<!--\n\t\t\t\t\t\t\t--><h1\n\t\t\t\t\t\t\t\tid=\"slider-4-slide-4-layer-2\" \n\t\t\t\t\t\t\t\tclass=\"rs-layer\"\n\t\t\t\t\t\t\t\tdata-type=\"text\"\n\t\t\t\t\t\t\t\tdata-rsp_ch=\"on\"\n\t\t\t\t\t\t\t\tdata-xy=\"xo:40px,40px,30px,20px;yo:40px,40px,30px,20px;\"\n\t\t\t\t\t\t\t\tdata-text=\"w:normal;s:40,30,30,25;l:42,32,32,27;fw:800;a:inherit;\"\n\t\t\t\t\t\t\t\tdata-dim=\"w:750px,456px,450px,400px;\"\n\t\t\t\t\t\t\t\tdata-frame_1=\"st:1250;sR:1250;\"\n\t\t\t\t\t\t\t\tdata-frame_999=\"o:0;st:17690;sR:16140;\"\n\t\t\t\t\t\t\t\tstyle=\"z-index:6;font-family:'Mulish';\"\n\t\t\t\t\t\t\t>Exp\u00e9rience et pr\u00e9cision<br \/>transformant le m\u00e9tal,<br \/>\nau service de l'industrie.\n \n\t\t\t\t\t\t\t<\/h1><!--\n\n\t\t\t\t\t\t\t--><rs-layer\n\t\t\t\t\t\t\t\tid=\"slider-4-slide-4-layer-8\" \n\t\t\t\t\t\t\t\tclass=\"tp-shape tp-shapewrapper\"\n\t\t\t\t\t\t\t\tdata-type=\"shape\"\n\t\t\t\t\t\t\t\tdata-rsp_ch=\"on\"\n\t\t\t\t\t\t\t\tdata-xy=\"x:c;xo:1px;y:m;\"\n\t\t\t\t\t\t\t\tdata-text=\"fw:800;a:inherit;\"\n\t\t\t\t\t\t\t\tdata-dim=\"w:2020px;h:1180px;\"\n\t\t\t\t\t\t\t\tdata-frame_1=\"sR:10;\"\n\t\t\t\t\t\t\t\tdata-frame_999=\"o:0;st:w;sR:17690;\"\n\t\t\t\t\t\t\t\tstyle=\"z-index:5;background-color:rgba(0,0,0,0.5);\"\n\t\t\t\t\t\t\t> \n\t\t\t\t\t\t\t<\/rs-layer><!--\n-->\t\t\t\t\t<\/rs-slide>\n\t\t\t\t\t\t<rs-slide style=\"position: absolute;\" data-key=\"rs-41\" data-title=\"Slide\" data-duration=\"18000\" data-anim=\"ms:600;r:0;\" data-in=\"o:0;\" data-out=\"a:false;\">\n\t\t\t\t\t\t\t<img decoding=\"async\" src=\"\/\/vidaltech.net\/wp-content\/plugins\/revslider\/sr6\/assets\/assets\/dummy.png\" alt=\"\" title=\"El proc\u00e9s de digitalitzaci\u00f3 de VidalTech a L&rsquo;Econ\u00f2mic del Punt Avui\" class=\"rev-slidebg tp-rs-img rs-lazyload\" data-lazyload=\"\/\/vidaltech.net\/wp-content\/uploads\/2019\/06\/pantalla-logo.jpg\" data-parallax=\"off\" data-no-retina>\n\t\t\t\t\t\t\t<rs-bgvideo \n\t\t\t\t\t\t\t\tdata-video=\"v:100;w:100%;h:100%;nse:false;l:true;ptimer:false;vfc:true;\"\n\t\t\t\t\t\t\t\tdata-mp4=\"\/\/vidaltech.net\/wp-content\/uploads\/2019\/07\/VidalTech-col.mp4\"\n\t\t\t\t\t\t\t><\/rs-bgvideo>\n<!--\n\t\t\t\t\t\t\t--><h1\n\t\t\t\t\t\t\t\tid=\"slider-4-slide-41-layer-2\" \n\t\t\t\t\t\t\t\tclass=\"rs-layer\"\n\t\t\t\t\t\t\t\tdata-type=\"text\"\n\t\t\t\t\t\t\t\tdata-rsp_ch=\"on\"\n\t\t\t\t\t\t\t\tdata-xy=\"xo:40px,40px,30px,20px;yo:40px,40px,30px,20px;\"\n\t\t\t\t\t\t\t\tdata-text=\"w:normal;s:40,30,30,25;l:42,32,32,27;fw:800;a:inherit;\"\n\t\t\t\t\t\t\t\tdata-dim=\"w:750px,456px,450px,400px;\"\n\t\t\t\t\t\t\t\tdata-frame_1=\"st:1250;sR:1250;\"\n\t\t\t\t\t\t\t\tdata-frame_999=\"o:0;st:17690;sR:16140;\"\n\t\t\t\t\t\t\t\tstyle=\"z-index:6;font-family:'Mulish';\"\n\t\t\t\t\t\t\t>Exp\u00e9rience et pr\u00e9cision<br \/>transformant le m\u00e9tal,<br \/>\nau service de l'industrie.\n \n\t\t\t\t\t\t\t<\/h1><!--\n\n\t\t\t\t\t\t\t--><rs-layer\n\t\t\t\t\t\t\t\tid=\"slider-4-slide-41-layer-8\" \n\t\t\t\t\t\t\t\tclass=\"tp-shape tp-shapewrapper\"\n\t\t\t\t\t\t\t\tdata-type=\"shape\"\n\t\t\t\t\t\t\t\tdata-rsp_ch=\"on\"\n\t\t\t\t\t\t\t\tdata-xy=\"x:c;xo:1px;y:m;\"\n\t\t\t\t\t\t\t\tdata-text=\"fw:800;a:inherit;\"\n\t\t\t\t\t\t\t\tdata-dim=\"w:2020px;h:1180px;\"\n\t\t\t\t\t\t\t\tdata-frame_1=\"sR:10;\"\n\t\t\t\t\t\t\t\tdata-frame_999=\"o:0;st:w;sR:17690;\"\n\t\t\t\t\t\t\t\tstyle=\"z-index:5;background-color:rgba(0,0,0,0.5);\"\n\t\t\t\t\t\t\t> \n\t\t\t\t\t\t\t<\/rs-layer><!--\n-->\t\t\t\t\t<\/rs-slide>\n\t\t\t\t\t<\/rs-slides>\n\t\t\t\t<\/rs-module>\n\t\t\t\t<script>\n\t\t\t\t\tsetREVStartSize({c: 'rev_slider_4_4',rl:[1240,1024,778,480],el:[700,500,400,300],gw:[1920,1024,900,600],gh:[700,500,400,300],type:'standard',justify:'',layout:'fullwidth',mh:\"0\"});if (window.RS_MODULES!==undefined && window.RS_MODULES.modules!==undefined && window.RS_MODULES.modules[\"revslider44\"]!==undefined) {window.RS_MODULES.modules[\"revslider44\"].once = false;window.revapi4 = undefined;if (window.RS_MODULES.checkMinimal!==undefined) window.RS_MODULES.checkMinimal()}\n\t\t\t\t<\/script>\n\t\t\t<\/rs-module-wrap>\n\t\t\t<!-- END REVOLUTION SLIDER -->\n<\/div><\/div><\/div><\/div><\/div><\/section><section class=\"l-section wpb_row height_small\"><div class=\"l-section-h i-cf\"><div class=\"g-cols vc_row via_flex valign_top type_default stacking_default\"><div class=\"vc_col-sm-3 wpb_column vc_column_container\"><div class=\"vc_column-inner us_custom_9e3ee6eb\"><div class=\"wpb_wrapper\"><div class=\"w-ibanner us_custom_beebd60a animation_phorcys ratio_4x3 easing_ease align_center\"><a href=\"http:\/\/vidaltech.net\/nosaltres\/\" aria-label=\"Rencontrez VidalTech\"><\/a><div class=\"w-ibanner-h\"><div class=\"w-ibanner-image\" style=\"background-image: url(https:\/\/vidaltech.net\/wp-content\/uploads\/2019\/07\/vidaltech-historia-1-600x400.jpg)\"><\/div><div class=\"w-ibanner-content\"><div class=\"w-ibanner-content-h\"><h3 class=\"w-ibanner-title\">Rencontrez VidalTech<\/h3><div class=\"w-ibanner-desc\"><\/div><\/div><\/div><\/div><\/div><\/div><\/div><\/div><div class=\"vc_col-sm-3 wpb_column vc_column_container\"><div class=\"vc_column-inner us_custom_9e3ee6eb\"><div class=\"wpb_wrapper\"><div class=\"w-ibanner us_custom_beebd60a animation_phorcys ratio_4x3 easing_ease align_center\"><a href=\"http:\/\/vidaltech.net\/projectes\/\" aria-label=\"Projets VidalTech\"><\/a><div class=\"w-ibanner-h\"><div class=\"w-ibanner-image\" style=\"background-image: url(https:\/\/vidaltech.net\/wp-content\/uploads\/2019\/08\/banner-projectes-vidaltech-600x400.jpg)\"><\/div><div class=\"w-ibanner-content\"><div class=\"w-ibanner-content-h\"><h3 class=\"w-ibanner-title\">Projets VidalTech<\/h3><div class=\"w-ibanner-desc\"><\/div><\/div><\/div><\/div><\/div><\/div><\/div><\/div><div class=\"vc_col-sm-3 wpb_column vc_column_container\"><div class=\"vc_column-inner us_custom_9e3ee6eb\"><div class=\"wpb_wrapper\"><div class=\"w-ibanner us_custom_beebd60a animation_phorcys ratio_4x3 easing_ease align_center\"><a href=\"http:\/\/vidaltech.net\/proces-vidaltech\/\" aria-label=\"Processus VidalTech\"><\/a><div class=\"w-ibanner-h\"><div class=\"w-ibanner-image\" style=\"background-image: url(https:\/\/vidaltech.net\/wp-content\/uploads\/2019\/08\/vidaltech_soldadura_1-600x400.jpg)\"><\/div><div class=\"w-ibanner-content\"><div class=\"w-ibanner-content-h\"><h3 class=\"w-ibanner-title\">Processus VidalTech<\/h3><div class=\"w-ibanner-desc\"><\/div><\/div><\/div><\/div><\/div><\/div><\/div><\/div><div class=\"vc_col-sm-3 wpb_column vc_column_container\"><div class=\"vc_column-inner us_custom_9e3ee6eb\"><div class=\"wpb_wrapper\"><div class=\"w-ibanner us_custom_beebd60a animation_phorcys ratio_4x3 easing_ease align_center\"><a href=\"https:\/\/vidaltech.net\/sectors\/\" aria-label=\"Secteurs VidalTech\"><\/a><div class=\"w-ibanner-h\"><div class=\"w-ibanner-image\" style=\"background-image: url(https:\/\/vidaltech.net\/wp-content\/uploads\/2019\/07\/vidaltech-adaptabilitat-4-600x400.jpg)\"><\/div><div class=\"w-ibanner-content\"><div class=\"w-ibanner-content-h\"><h3 class=\"w-ibanner-title\">Secteurs VidalTech<\/h3><div class=\"w-ibanner-desc\"><\/div><\/div><\/div><\/div><\/div><\/div><\/div><\/div><\/div><\/div><\/section><section class=\"l-section wpb_row height_small\"><div class=\"l-section-h i-cf\"><div class=\"g-cols vc_row via_flex valign_top type_default stacking_default\"><div class=\"vc_col-sm-12 wpb_column vc_column_container\"><div class=\"vc_column-inner us_custom_9e3ee6eb\"><div class=\"wpb_wrapper\"><div class=\"w-grid us_grid type_grid layout_455 cols_4 preload_style_spinner ratio_4x3\" id=\"us_grid_4\" style=\"--columns:4;--gap:0.75rem;--item-ratio:0.75;\" data-filterable=\"true\"><style>@media (max-width:1380px){#us_grid_4{--columns:2!important}}@media (max-width:1024px){#us_grid_4{--columns:1!important}}@media (max-width:600px){#us_grid_4{--columns:1!important}}<\/style><div class=\"w-grid-list\">\t<article class=\"w-grid-item size_1x1 post-433 post type-post status-publish format-standard has-post-thumbnail sticky hentry category-actualidad-vidaltech\" data-id=\"433\">\r\n\t\t<div class=\"w-grid-item-h\">\r\n\t\t\t\t\t\t\t<a href=\"https:\/\/vidaltech.net\/fr\/planxisteria-industrial-m-vidal-sl-es-ara-vidaltech\/\" class=\"w-grid-item-anchor\" aria-label=\"Planxisteria Ind. M.VIDAL, SL est d\u00e9sormais VIDALTECH\"><\/a>\r\n\t\t\t\t\t\t<div class=\"w-vwrapper usg_vwrapper_2 align_left valign_top\"><div class=\"w-hwrapper usg_hwrapper_1 align_left valign_top\"><div class=\"w-post-elm post_image usg_post_image_1 has_width stretched\"><img loading=\"lazy\" decoding=\"async\" width=\"150\" height=\"150\" src=\"https:\/\/vidaltech.net\/wp-content\/uploads\/2019\/07\/noticia-1-1-150x150.jpg\" class=\"attachment-thumbnail size-thumbnail wp-post-image\" alt=\"\" srcset=\"https:\/\/vidaltech.net\/wp-content\/uploads\/2019\/07\/noticia-1-1-150x150.jpg 150w, https:\/\/vidaltech.net\/wp-content\/uploads\/2019\/07\/noticia-1-1-600x600.jpg 600w\" sizes=\"auto, (max-width: 150px) 100vw, 150px\" \/><\/div><div class=\"w-vwrapper usg_vwrapper_1 align_left valign_top\"><time class=\"w-post-elm post_date usg_post_date_1 entry-date published\" datetime=\"%2\">9\/07\/2019<\/time><h2 class=\"w-post-elm post_title usg_post_title_1 entry-title color_link_inherit\">Planxisteria Ind. M.VIDAL, SL est d\u00e9sormais VIDALTECH<\/h2><\/div><\/div><div class=\"w-post-elm post_content usg_post_content_1\">Planxisteria Industrial M.Vidal, S.L., actuellement dirig\u00e9e par la troisi\u00e8me g\u00e9n\u00e9ration de la famille Vidal, donne un nouvel \u00e9lan \u00e0 une\u2026<\/div><\/div>\t\t<\/div>\r\n\t\t\t<\/article>\r\n\t<article class=\"w-grid-item size_1x1 post-1469 post type-post status-publish format-standard has-post-thumbnail hentry category-actualidad-vidaltech\" data-id=\"1469\">\r\n\t\t<div class=\"w-grid-item-h\">\r\n\t\t\t\t\t\t\t<a href=\"https:\/\/vidaltech.net\/fr\/mecanizados-gumer-ya-forma-parte-de-vidaltech\/\" class=\"w-grid-item-anchor\" aria-label=\"Mecanizados Gumer fait d\u00e9j\u00e0 partie de VidalTech\"><\/a>\r\n\t\t\t\t\t\t<div class=\"w-vwrapper usg_vwrapper_2 align_left valign_top\"><div class=\"w-hwrapper usg_hwrapper_1 align_left valign_top\"><div class=\"w-post-elm post_image usg_post_image_1 has_width stretched\"><img loading=\"lazy\" decoding=\"async\" width=\"150\" height=\"150\" src=\"https:\/\/vidaltech.net\/wp-content\/uploads\/2021\/02\/fresadora-01-150x150.jpg\" class=\"attachment-thumbnail size-thumbnail wp-post-image\" alt=\"\" srcset=\"https:\/\/vidaltech.net\/wp-content\/uploads\/2021\/02\/fresadora-01-150x150.jpg 150w, https:\/\/vidaltech.net\/wp-content\/uploads\/2021\/02\/fresadora-01-600x600.jpg 600w\" sizes=\"auto, (max-width: 150px) 100vw, 150px\" \/><\/div><div class=\"w-vwrapper usg_vwrapper_1 align_left valign_top\"><time class=\"w-post-elm post_date usg_post_date_1 entry-date published\" datetime=\"%2\">25\/02\/2021<\/time><h2 class=\"w-post-elm post_title usg_post_title_1 entry-title color_link_inherit\">Mecanizados Gumer fait d\u00e9j\u00e0 partie de VidalTech<\/h2><\/div><\/div><div class=\"w-post-elm post_content usg_post_content_1\">VidalTech a acquis Mecanizados Gumer, sp\u00e9cialiste des proc\u00e9d\u00e9s de m\u00e9canisation. Avec cette acquisition, nous avons pu am\u00e9liorer notre processus avec\u2026<\/div><\/div>\t\t<\/div>\r\n\t\t\t<\/article>\r\n\t<article class=\"w-grid-item size_1x1 post-1355 post type-post status-publish format-standard has-post-thumbnail hentry category-actualidad-vidaltech tag-siane tag-vidaltech\" data-id=\"1355\">\r\n\t\t<div class=\"w-grid-item-h\">\r\n\t\t\t\t\t\t\t<a href=\"https:\/\/vidaltech.net\/fr\/catala-vidaltech-altres-empreses-catalanes-participen-la-fira-industrial-de-tolosa-de-llenguadoc\/\" class=\"w-grid-item-anchor\" aria-label=\"VidalTech i altres empreses catalanes participen a la fira industrial de Tolosa de Llenguadoc\"><\/a>\r\n\t\t\t\t\t\t<div class=\"w-vwrapper usg_vwrapper_2 align_left valign_top\"><div class=\"w-hwrapper usg_hwrapper_1 align_left valign_top\"><div class=\"w-post-elm post_image usg_post_image_1 has_width stretched\"><img loading=\"lazy\" decoding=\"async\" width=\"150\" height=\"150\" src=\"https:\/\/vidaltech.net\/wp-content\/uploads\/2019\/11\/VidalTech_Siane-150x150.jpg\" class=\"attachment-thumbnail size-thumbnail wp-post-image\" alt=\"Vidaltech a la fira Siane 2019\" srcset=\"https:\/\/vidaltech.net\/wp-content\/uploads\/2019\/11\/VidalTech_Siane-150x150.jpg 150w, https:\/\/vidaltech.net\/wp-content\/uploads\/2019\/11\/VidalTech_Siane-600x600.jpg 600w\" sizes=\"auto, (max-width: 150px) 100vw, 150px\" \/><\/div><div class=\"w-vwrapper usg_vwrapper_1 align_left valign_top\"><time class=\"w-post-elm post_date usg_post_date_1 entry-date published\" datetime=\"%2\">19\/11\/2019<\/time><h2 class=\"w-post-elm post_title usg_post_title_1 entry-title color_link_inherit\">VidalTech i altres empreses catalanes participen a la fira industrial de Tolosa de Llenguadoc<\/h2><\/div><\/div><div class=\"w-post-elm post_content usg_post_content_1\">D\u00e9sol\u00e9, cet article est seulement disponible en Catal\u00e0.<\/div><\/div>\t\t<\/div>\r\n\t\t\t<\/article>\r\n\t<article class=\"w-grid-item size_1x1 post-1151 post type-post status-publish format-standard has-post-thumbnail hentry category-actualidad-vidaltech tag-vidaltech\" data-id=\"1151\">\r\n\t\t<div class=\"w-grid-item-h\">\r\n\t\t\t\t\t\t\t<a href=\"https:\/\/vidaltech.net\/fr\/el-proces-de-digitalitzacio-de-vidaltech-leconomic-del-punt-avui\/\" class=\"w-grid-item-anchor\" aria-label=\"El proc\u00e9s de digitalitzaci\u00f3 de VidalTech a L&rsquo;Econ\u00f2mic del Punt Avui\"><\/a>\r\n\t\t\t\t\t\t<div class=\"w-vwrapper usg_vwrapper_2 align_left valign_top\"><div class=\"w-hwrapper usg_hwrapper_1 align_left valign_top\"><div class=\"w-post-elm post_image usg_post_image_1 has_width stretched\"><img loading=\"lazy\" decoding=\"async\" width=\"150\" height=\"150\" src=\"https:\/\/vidaltech.net\/wp-content\/uploads\/2019\/09\/VidalTech-a-El-Punt-Avui-150x150.jpg\" class=\"attachment-thumbnail size-thumbnail wp-post-image\" alt=\"VidalTech a El Punt Avui\" \/><\/div><div class=\"w-vwrapper usg_vwrapper_1 align_left valign_top\"><time class=\"w-post-elm post_date usg_post_date_1 entry-date published\" datetime=\"%2\">4\/10\/2019<\/time><h2 class=\"w-post-elm post_title usg_post_title_1 entry-title color_link_inherit\">El proc\u00e9s de digitalitzaci\u00f3 de VidalTech a L&rsquo;Econ\u00f2mic del Punt Avui<\/h2><\/div><\/div><div class=\"w-post-elm post_content usg_post_content_1\">D\u00e9sol\u00e9, cet article est seulement disponible en Catal\u00e0.<\/div><\/div>\t\t<\/div>\r\n\t\t\t<\/article>\r\n<\/div>\t<div class=\"w-grid-preloader\">\r\n\t\t<div class=\"g-preloader type_1\">\r\n\t\t\t<div><\/div>\r\n\t\t<\/div>\r\n\t<\/div>\r\n\t\t<div class=\"w-grid-json hidden\" onclick='return {&quot;action&quot;:&quot;us_ajax_grid&quot;,&quot;infinite_scroll&quot;:0,&quot;max_num_pages&quot;:3,&quot;pagination&quot;:&quot;none&quot;,&quot;template_vars&quot;:{&quot;columns&quot;:&quot;4&quot;,&quot;exclude_items&quot;:&quot;none&quot;,&quot;img_size&quot;:&quot;thumbnail&quot;,&quot;ignore_items_size&quot;:0,&quot;items_layout&quot;:&quot;455&quot;,&quot;items_offset&quot;:&quot;1&quot;,&quot;load_animation&quot;:&quot;none&quot;,&quot;overriding_link&quot;:&quot;%7B%22type%22%3A%22post%22%7D&quot;,&quot;post_id&quot;:0,&quot;query_args&quot;:{&quot;post_type&quot;:[&quot;post&quot;],&quot;post_status&quot;:[&quot;publish&quot;],&quot;posts_per_page&quot;:&quot;3&quot;},&quot;orderby_query_args&quot;:{&quot;orderby&quot;:{&quot;date&quot;:&quot;DESC&quot;}},&quot;type&quot;:&quot;grid&quot;,&quot;us_grid_post_type&quot;:&quot;post&quot;,&quot;us_grid_ajax_index&quot;:4,&quot;us_grid_filter_query_string&quot;:null,&quot;us_grid_index&quot;:4,&quot;page_args&quot;:[]}}'><\/div>\r\n\t<\/div><\/div><\/div><\/div><\/div><\/div><\/section><section class=\"l-section wpb_row height_small\"><div class=\"l-section-h i-cf\"><div class=\"g-cols vc_row via_flex valign_top type_default stacking_default\"><div class=\"vc_col-sm-12 wpb_column vc_column_container\"><div class=\"vc_column-inner\"><div class=\"wpb_wrapper\"><div class=\"wpb_text_column\"><div class=\"wpb_wrapper\"><h5 style=\"text-align: center;\">Pour plus d&rsquo;informations contactez nous<\/h5>\n<\/div><\/div>\n<div class=\"wpcf7 no-js\" id=\"wpcf7-f853-o4\" lang=\"es-ES\" dir=\"ltr\" data-wpcf7-id=\"853\">\n<div class=\"screen-reader-response\"><p role=\"status\" aria-live=\"polite\" aria-atomic=\"true\"><\/p> <ul><\/ul><\/div>\n<form action=\"\/fr\/wp-json\/wp\/v2\/pages\/10#wpcf7-f853-o4\" method=\"post\" class=\"wpcf7-form init\" aria-label=\"Formulario de contacto\" novalidate=\"novalidate\" data-status=\"init\">\n<fieldset class=\"hidden-fields-container\"><input type=\"hidden\" name=\"_wpcf7\" value=\"853\" \/><input type=\"hidden\" name=\"_wpcf7_version\" value=\"6.1.5\" \/><input type=\"hidden\" name=\"_wpcf7_locale\" value=\"es_ES\" \/><input type=\"hidden\" name=\"_wpcf7_unit_tag\" value=\"wpcf7-f853-o4\" \/><input type=\"hidden\" name=\"_wpcf7_container_post\" value=\"0\" \/><input type=\"hidden\" name=\"_wpcf7_posted_data_hash\" value=\"\" \/><input type=\"hidden\" name=\"_wpcf7_recaptcha_response\" value=\"\" \/>\n<\/fieldset>\n<style>\ntd {\n border:none;\n}\ntd.td-left {\n padding-left: 0 !important;\n}\ntd.td-right {\n padding-right: 0 !important;\n}\nspan.wpcf7-form-control-wrap {\n display: inline !important;\n}\nspan.wpcf7-list-item {\n margin: 0 !important;\n}\ndiv.wpcf7 .ajax-loader {\n display:none;\n}\n<\/style>\n<table width=\"100%\" cellpadding=\"0\" cellspacing=\"0\" border=\"0\">\n\t<tr>\n\t\t<td class=\"td-left\">\n\t\t\t<p><span class=\"wpcf7-form-control-wrap\" data-name=\"nom\"><input size=\"40\" maxlength=\"400\" class=\"wpcf7-form-control wpcf7-text wpcf7-validates-as-required\" aria-required=\"true\" aria-invalid=\"false\" placeholder=\"Nom et pr\u00e9nom\" value=\"\" type=\"text\" name=\"nom\" \/><\/span>\n\t\t\t<\/p>\n\t\t<\/td>\n\t\t<td>\n\t\t\t<p><span class=\"wpcf7-form-control-wrap\" data-name=\"telefon\"><input size=\"40\" maxlength=\"400\" class=\"wpcf7-form-control wpcf7-tel wpcf7-validates-as-required wpcf7-text wpcf7-validates-as-tel\" aria-required=\"true\" aria-invalid=\"false\" placeholder=\"T\u00e9l\u00e9phone\" value=\"\" type=\"tel\" name=\"telefon\" \/><\/span>\n\t\t\t<\/p>\n\t\t<\/td>\n\t\t<td>\n\t\t\t<p><span class=\"wpcf7-form-control-wrap\" data-name=\"email\"><input size=\"40\" maxlength=\"400\" class=\"wpcf7-form-control wpcf7-email wpcf7-validates-as-required wpcf7-text wpcf7-validates-as-email\" aria-required=\"true\" aria-invalid=\"false\" placeholder=\"E-mail\" value=\"\" type=\"email\" name=\"email\" \/><\/span>\n\t\t\t<\/p>\n\t\t<\/td>\n\t\t<td class=\"td-right\">\n\t\t\t<p><span class=\"wpcf7-form-control-wrap\" data-name=\"missatge\"><input size=\"40\" maxlength=\"400\" class=\"wpcf7-form-control wpcf7-text wpcf7-validates-as-required\" aria-required=\"true\" aria-invalid=\"false\" placeholder=\"Message\" value=\"\" type=\"text\" name=\"missatge\" \/><\/span>\n\t\t\t<\/p>\n\t\t<\/td>\n\t<\/tr>\n<\/table>\n<table width=\"100%\" cellpadding=\"0\" cellspacing=\"0\" border=\"0\">\n\t<tr>\n\t\t<td class=\"td-left\" valign=\"middle\">\n\t\t\t<p style=\"color:#777777; font-size:13px; line-height:15px; margin-bottom:10px;\"><span class=\"wpcf7-form-control-wrap\" data-name=\"privacidad\"><span class=\"wpcf7-form-control wpcf7-acceptance\"><span class=\"wpcf7-list-item\"><input type=\"checkbox\" name=\"privacidad\" value=\"1\" aria-invalid=\"false\" \/><\/span><\/span><\/span> J'ai lu et j'accepte les <a href=\"..\/informacio-legal\/\" target=\"blank\">Mentions L\u00e9gales<\/a> et la <a href=\"..\/politica-confidencialitat\/\" target=\"blank\">Politique de Confidentialit\u00e9<\/a>.\n\t\t\t<\/p>\n\t\t\t<p style=\"color:#777777; font-size:13px; line-height:15px; margin-bottom:0;\"><span class=\"wpcf7-form-control-wrap\" data-name=\"promos\"><span class=\"wpcf7-form-control wpcf7-acceptance optional\"><span class=\"wpcf7-list-item\"><input type=\"checkbox\" name=\"promos\" value=\"1\" aria-invalid=\"false\" \/><\/span><\/span><\/span> J'accepte l'envoi de nouvelles promotions et\/ou de nouvelles promotions de ses produits et services.\n\t\t\t<\/p>\n\t\t<\/td>\n\t\t<td class=\"td-right\" align=\"right\" valign=\"middle\">\n\t\t\t<p><input class=\"wpcf7-form-control wpcf7-submit has-spinner\" type=\"submit\" value=\"Envoyer\" \/>\n\t\t\t<\/p>\n\t\t<\/td>\n\t<\/tr>\n<\/table><p style=\"display: none !important;\" class=\"akismet-fields-container\" data-prefix=\"_wpcf7_ak_\"><label>&#916;<textarea name=\"_wpcf7_ak_hp_textarea\" cols=\"45\" rows=\"8\" maxlength=\"100\"><\/textarea><\/label><input type=\"hidden\" id=\"ak_js_4\" name=\"_wpcf7_ak_js\" value=\"28\"\/><script>\ndocument.getElementById( \"ak_js_4\" ).setAttribute( \"value\", ( new Date() ).getTime() );\n<\/script>\n<\/p><div class=\"wpcf7-response-output\" aria-hidden=\"true\"><\/div>\n<\/form>\n<\/div>\n<\/div><\/div><\/div><\/div><\/div><\/section>","protected":false},"excerpt":{"rendered":"D\u00e9sol\u00e9, cet article est seulement disponible en Catal\u00e0.","protected":false},"author":1,"featured_media":0,"parent":0,"menu_order":1,"comment_status":"closed","ping_status":"open","template":"","meta":{"footnotes":""},"class_list":["post-10","page","type-page","status-publish","hentry"],"_links":{"self":[{"href":"https:\/\/vidaltech.net\/fr\/wp-json\/wp\/v2\/pages\/10","targetHints":{"allow":["GET"]}}],"collection":[{"href":"https:\/\/vidaltech.net\/fr\/wp-json\/wp\/v2\/pages"}],"about":[{"href":"https:\/\/vidaltech.net\/fr\/wp-json\/wp\/v2\/types\/page"}],"author":[{"embeddable":true,"href":"https:\/\/vidaltech.net\/fr\/wp-json\/wp\/v2\/users\/1"}],"replies":[{"embeddable":true,"href":"https:\/\/vidaltech.net\/fr\/wp-json\/wp\/v2\/comments?post=10"}],"version-history":[{"count":0,"href":"https:\/\/vidaltech.net\/fr\/wp-json\/wp\/v2\/pages\/10\/revisions"}],"wp:attachment":[{"href":"https:\/\/vidaltech.net\/fr\/wp-json\/wp\/v2\/media?parent=10"}],"curies":[{"name":"wp","href":"https:\/\/api.w.org\/{rel}","templated":true}]}}