{"id":29,"date":"2019-06-20T13:44:33","date_gmt":"2019-06-20T13:44:33","guid":{"rendered":"http:\/\/vidaltech.net\/?page_id=29"},"modified":"2019-09-24T12:03:45","modified_gmt":"2019-09-24T12:03:45","slug":"fabricants-maquinaria","status":"publish","type":"page","link":"https:\/\/vidaltech.net\/fr\/sectors\/fabricants-maquinaria\/","title":{"rendered":"Fabricants de machine"},"content":{"rendered":"<section class=\"l-section wpb_row height_auto width_full with_img\"><div class=\"l-section-img\" role=\"img\" aria-label=\"Image\" data-img-width=\"1920\" data-img-height=\"800\" style=\"background-image: url(https:\/\/vidaltech.net\/wp-content\/uploads\/2019\/07\/fabricantes-maquinaria-col.jpg);background-position: top center;background-repeat: no-repeat;\"><\/div><div class=\"l-section-overlay\" style=\"background:rgba(0,0,0,0.3)\"><\/div><div class=\"l-section-h i-cf\"><div class=\"g-cols vc_row via_flex valign_top type_default stacking_default\"><div class=\"vc_col-sm-12 wpb_column vc_column_container\"><div class=\"vc_column-inner\"><div class=\"wpb_wrapper\"><div class=\"ult-spacer spacer-69d1db341c05e\" data-id=\"69d1db341c05e\" data-height=\"500\" data-height-mobile=\"180\" data-height-tab=\"220\" data-height-tab-portrait=\"220\" data-height-mobile-landscape=\"180\" style=\"clear:both;display:block;\"><\/div><\/div><\/div><\/div><\/div><\/div><\/section><section class=\"l-section wpb_row height_small\"><div class=\"l-section-h i-cf\"><div class=\"g-cols vc_row via_flex valign_top type_default stacking_default\"><div class=\"vc_col-sm-12 wpb_column vc_column_container\"><div class=\"vc_column-inner\"><div class=\"wpb_wrapper\"><div class=\"w-separator size_small\"><\/div><div class=\"g-cols wpb_row via_flex valign_top type_default stacking_default\"><div class=\"vc_col-sm-3 wpb_column vc_column_container\"><div class=\"vc_column-inner\"><div class=\"wpb_wrapper\"><\/div><\/div><\/div><div class=\"vc_col-sm-6 wpb_column vc_column_container\"><div class=\"vc_column-inner\"><div class=\"wpb_wrapper\"><div class=\"w-iconbox iconpos_left style_default color_primary align_left no_text icontype_img\"><div class=\"w-iconbox-icon\" style=\"font-size:80px;\"><img loading=\"lazy\" decoding=\"async\" width=\"500\" height=\"500\" src=\"https:\/\/vidaltech.net\/wp-content\/uploads\/2019\/09\/picto-Fm-fabricants-de-machine.png\" class=\"attachment-full size-full\" alt=\"\" srcset=\"https:\/\/vidaltech.net\/wp-content\/uploads\/2019\/09\/picto-Fm-fabricants-de-machine.png 500w, https:\/\/vidaltech.net\/wp-content\/uploads\/2019\/09\/picto-Fm-fabricants-de-machine-150x150.png 150w, https:\/\/vidaltech.net\/wp-content\/uploads\/2019\/09\/picto-Fm-fabricants-de-machine-300x300.png 300w\" sizes=\"auto, (max-width: 500px) 100vw, 500px\" \/><\/div><div class=\"w-iconbox-meta\"><h2 class=\"w-iconbox-title\">Fabricants de machine<\/h2><\/div><\/div><div class=\"w-separator size_medium\"><\/div><div class=\"wpb_text_column\"><div class=\"wpb_wrapper\"><p>Plus de 50\u00a0ans d\u2019exp\u00e9rience et les moyens humains et techniques les mieux adapt\u00e9s nous permettent de proposer des solutions comp\u00e9titives aux fabricants de machines et de biens d\u2019\u00e9quipement.<\/p>\n<\/div><\/div><\/div><\/div><\/div><div class=\"vc_col-sm-3 wpb_column vc_column_container\"><div class=\"vc_column-inner\"><div class=\"wpb_wrapper\"><\/div><\/div><\/div><\/div><div class=\"w-separator size_huge\"><\/div><div class=\"g-cols wpb_row via_flex valign_top type_default stacking_default\"><div class=\"vc_col-sm-3 wpb_column vc_column_container\"><div class=\"vc_column-inner\"><div class=\"wpb_wrapper\"><div class=\"w-iconbox iconpos_top style_default color_primary align_center no_text no_title icontype_img\"><div class=\"w-iconbox-icon\" style=\"font-size:50px;\"><img loading=\"lazy\" decoding=\"async\" width=\"428\" height=\"428\" src=\"https:\/\/vidaltech.net\/wp-content\/uploads\/2019\/08\/n1.png\" class=\"attachment-full size-full\" alt=\"\" srcset=\"https:\/\/vidaltech.net\/wp-content\/uploads\/2019\/08\/n1.png 428w, https:\/\/vidaltech.net\/wp-content\/uploads\/2019\/08\/n1-150x150.png 150w, https:\/\/vidaltech.net\/wp-content\/uploads\/2019\/08\/n1-300x300.png 300w\" sizes=\"auto, (max-width: 428px) 100vw, 428px\" \/><\/div><div class=\"w-iconbox-meta\"><\/div><\/div><div class=\"w-separator size_medium\"><\/div><div class=\"wpb_text_column\"><div class=\"wpb_wrapper\"><h6 style=\"text-align: center;\"><strong>Accompagnement<\/strong><\/h6>\n<p style=\"text-align: center;\">Relation familiale et directe accompagn\u00e9e de flexibilit\u00e9 envers nos clients, tant de pi\u00e8ces uniques que de moyennes et grandes s\u00e9ries, afin d\u2019apporter la meilleure solution \u00e0 chaque produit.<\/p>\n<\/div><\/div><\/div><\/div><\/div><div class=\"vc_col-sm-3 wpb_column vc_column_container\"><div class=\"vc_column-inner\"><div class=\"wpb_wrapper\"><div class=\"w-iconbox iconpos_top style_default color_primary align_center no_text no_title icontype_img\"><div class=\"w-iconbox-icon\" style=\"font-size:50px;\"><img loading=\"lazy\" decoding=\"async\" width=\"428\" height=\"428\" src=\"https:\/\/vidaltech.net\/wp-content\/uploads\/2019\/08\/n2.png\" class=\"attachment-full size-full\" alt=\"\" srcset=\"https:\/\/vidaltech.net\/wp-content\/uploads\/2019\/08\/n2.png 428w, https:\/\/vidaltech.net\/wp-content\/uploads\/2019\/08\/n2-150x150.png 150w, https:\/\/vidaltech.net\/wp-content\/uploads\/2019\/08\/n2-300x300.png 300w\" sizes=\"auto, (max-width: 428px) 100vw, 428px\" \/><\/div><div class=\"w-iconbox-meta\"><\/div><\/div><div class=\"w-separator size_medium\"><\/div><div class=\"wpb_text_column\"><div class=\"wpb_wrapper\"><h6 style=\"text-align: center;\"><strong>Processus complet<\/strong><\/h6>\n<p style=\"text-align: center;\">Notre processus interne de fabrication allant de la d\u00e9coupe, le pliage, la soudure, la m\u00e9canisation au montage garantissent un r\u00e9sultat optimal, flexible et pr\u00e9cis gr\u00e2ce \u00e0 des traitements sp\u00e9ciaux pour tous types de composants dans diff\u00e9rents secteurs.<\/p>\n<\/div><\/div><\/div><\/div><\/div><div class=\"vc_col-sm-3 wpb_column vc_column_container\"><div class=\"vc_column-inner\"><div class=\"wpb_wrapper\"><div class=\"w-iconbox iconpos_top style_default color_primary align_center no_text no_title icontype_img\"><div class=\"w-iconbox-icon\" style=\"font-size:50px;\"><img loading=\"lazy\" decoding=\"async\" width=\"428\" height=\"428\" src=\"https:\/\/vidaltech.net\/wp-content\/uploads\/2019\/08\/n3.png\" class=\"attachment-full size-full\" alt=\"\" srcset=\"https:\/\/vidaltech.net\/wp-content\/uploads\/2019\/08\/n3.png 428w, https:\/\/vidaltech.net\/wp-content\/uploads\/2019\/08\/n3-150x150.png 150w, https:\/\/vidaltech.net\/wp-content\/uploads\/2019\/08\/n3-300x300.png 300w\" sizes=\"auto, (max-width: 428px) 100vw, 428px\" \/><\/div><div class=\"w-iconbox-meta\"><\/div><\/div><div class=\"w-separator size_medium\"><\/div><div class=\"wpb_text_column\"><div class=\"wpb_wrapper\"><h6 style=\"text-align: center;\"><strong>Gestion<\/strong><\/h6>\n<p style=\"text-align: center;\">Gestion int\u00e9grale et contr\u00f4l\u00e9e pour garantir la plus haute tra\u00e7abilit\u00e9 et l\u2019optimisation des co\u00fbts, depuis le d\u00e9veloppement de plans \u00e0 la coordination des montages, en passant par la sous-traitance des processus externes.<\/p>\n<\/div><\/div><\/div><\/div><\/div><div class=\"vc_col-sm-3 wpb_column vc_column_container\"><div class=\"vc_column-inner\"><div class=\"wpb_wrapper\"><div class=\"w-iconbox iconpos_top style_default color_primary align_center no_text no_title icontype_img\"><div class=\"w-iconbox-icon\" style=\"font-size:50px;\"><img loading=\"lazy\" decoding=\"async\" width=\"428\" height=\"428\" src=\"https:\/\/vidaltech.net\/wp-content\/uploads\/2019\/08\/n4.png\" class=\"attachment-full size-full\" alt=\"\" srcset=\"https:\/\/vidaltech.net\/wp-content\/uploads\/2019\/08\/n4.png 428w, https:\/\/vidaltech.net\/wp-content\/uploads\/2019\/08\/n4-150x150.png 150w, https:\/\/vidaltech.net\/wp-content\/uploads\/2019\/08\/n4-300x300.png 300w\" sizes=\"auto, (max-width: 428px) 100vw, 428px\" \/><\/div><div class=\"w-iconbox-meta\"><\/div><\/div><div class=\"w-separator size_medium\"><\/div><div class=\"wpb_text_column\"><div class=\"wpb_wrapper\"><h6 style=\"text-align: center;\"><strong>Capacite de \u00a0production<\/strong><\/h6>\n<p style=\"text-align: center;\">Avec des machines de pointe et une \u00e9quipe de professionnels orient\u00e9s \u00e0 assurer la qualit\u00e9, notre expertise nous permet de fabriquer un large \u00e9ventail de pi\u00e8ces \u00e0 base de mat\u00e9riaux ordinaires comme l\u2019acier, l\u2019aluminium, l\u2019acier inoxydable et de mat\u00e9riaux plus sp\u00e9cifiques comme le laiton, le cuivre et le polycarbonate.<\/p>\n<\/div><\/div><\/div><\/div><\/div><\/div><\/div><\/div><\/div><\/div><\/div><\/section><section class=\"l-section wpb_row height_small color_alternate\"><div class=\"l-section-h i-cf\"><div class=\"g-cols vc_row via_flex valign_top type_default stacking_default\"><div class=\"vc_col-sm-12 wpb_column vc_column_container\"><div class=\"vc_column-inner\"><div class=\"wpb_wrapper\"><div class=\"wpb_text_column\"><div class=\"wpb_wrapper\"><h4 style=\"text-align: center;\">Projets fabricants de machine<\/h4>\n<\/div><\/div><div class=\"w-grid us_grid type_grid layout_324 cols_5 preload_style_spinner ratio_1x1\" id=\"us_grid_4\" style=\"--columns:5;--gap:1.5rem;--item-ratio:1;\" data-filterable=\"true\"><style>@media (max-width:1380px){#us_grid_4{--columns:3!important}}@media (max-width:1024px){#us_grid_4{--columns:2!important}}@media (max-width:600px){#us_grid_4{--columns:1!important}}<\/style><div class=\"w-grid-list\">\t<article class=\"w-grid-item size_1x1 post-1448 us_portfolio type-us_portfolio status-publish has-post-thumbnail hentry us_portfolio_category-fabricantes-maquinaria\" data-id=\"1448\">\r\n\t\t<div class=\"w-grid-item-h\">\r\n\t\t\t\t\t\t\t<a href=\"https:\/\/vidaltech.net\/fr\/portfolio\/mecanosoldado-mecanizado\/\" class=\"w-grid-item-anchor\" aria-label=\"M\u00e9canis\u00e9 et soud\u00e9\"><\/a>\r\n\t\t\t\t\t\t<div class=\"w-post-elm post_image usg_post_image_1 has_ratio\"><img loading=\"lazy\" decoding=\"async\" width=\"1920\" height=\"1280\" src=\"https:\/\/vidaltech.net\/wp-content\/uploads\/2021\/02\/mecanitzat-01.jpg\" class=\"attachment-full size-full wp-post-image\" alt=\"\" \/><div style=\"padding-bottom:100%\"><\/div><\/div><div class=\"w-vwrapper usg_vwrapper_1 align_center valign_middle\"><h3 class=\"w-post-elm post_title usg_post_title_1 entry-title color_link_inherit\">M\u00e9canis\u00e9 et soud\u00e9<\/h3><\/div>\t\t<\/div>\r\n\t\t\t<\/article>\r\n\t<article class=\"w-grid-item size_1x1 post-314 us_portfolio type-us_portfolio status-publish has-post-thumbnail hentry us_portfolio_category-fabricantes-maquinaria\" data-id=\"314\">\r\n\t\t<div class=\"w-grid-item-h\">\r\n\t\t\t\t\t\t\t<a href=\"https:\/\/vidaltech.net\/fr\/portfolio\/dumper-ausa\/\" class=\"w-grid-item-anchor\" aria-label=\"Dumper Ausa\"><\/a>\r\n\t\t\t\t\t\t<div class=\"w-post-elm post_image usg_post_image_1 has_ratio\"><img loading=\"lazy\" decoding=\"async\" width=\"1920\" height=\"1280\" src=\"https:\/\/vidaltech.net\/wp-content\/uploads\/2019\/07\/dumper-ausa-1.jpg\" class=\"attachment-full size-full wp-post-image\" alt=\"\" \/><div style=\"padding-bottom:100%\"><\/div><\/div><div class=\"w-vwrapper usg_vwrapper_1 align_center valign_middle\"><h3 class=\"w-post-elm post_title usg_post_title_1 entry-title color_link_inherit\">Dumper Ausa<\/h3><\/div>\t\t<\/div>\r\n\t\t\t<\/article>\r\n\t<article class=\"w-grid-item size_1x1 post-307 us_portfolio type-us_portfolio status-publish has-post-thumbnail hentry us_portfolio_category-fabricantes-maquinaria\" data-id=\"307\">\r\n\t\t<div class=\"w-grid-item-h\">\r\n\t\t\t\t\t\t\t<a href=\"https:\/\/vidaltech.net\/fr\/portfolio\/maquina-trenzadora-ratera\/\" class=\"w-grid-item-anchor\" aria-label=\"Tressage machine Ratera\"><\/a>\r\n\t\t\t\t\t\t<div class=\"w-post-elm post_image usg_post_image_1 has_ratio\"><img loading=\"lazy\" decoding=\"async\" width=\"1920\" height=\"1280\" src=\"https:\/\/vidaltech.net\/wp-content\/uploads\/2019\/07\/maquina-ratera.jpg\" class=\"attachment-full size-full wp-post-image\" alt=\"\" \/><div style=\"padding-bottom:100%\"><\/div><\/div><div class=\"w-vwrapper usg_vwrapper_1 align_center valign_middle\"><h3 class=\"w-post-elm post_title usg_post_title_1 entry-title color_link_inherit\">Tressage machine Ratera<\/h3><\/div>\t\t<\/div>\r\n\t\t\t<\/article>\r\n\t<article class=\"w-grid-item size_1x1 post-265 us_portfolio type-us_portfolio status-publish has-post-thumbnail hentry us_portfolio_category-fabricantes-maquinaria\" data-id=\"265\">\r\n\t\t<div class=\"w-grid-item-h\">\r\n\t\t\t\t\t\t\t<a href=\"https:\/\/vidaltech.net\/fr\/portfolio\/protector-tubo-de-escape\/\" class=\"w-grid-item-anchor\" aria-label=\"Protection tuyau d&rsquo;\u00e9chappement\"><\/a>\r\n\t\t\t\t\t\t<div class=\"w-post-elm post_image usg_post_image_1 has_ratio\"><img loading=\"lazy\" decoding=\"async\" width=\"1920\" height=\"1280\" src=\"https:\/\/vidaltech.net\/wp-content\/uploads\/2019\/07\/protector-tub-escapament.jpg\" class=\"attachment-full size-full wp-post-image\" alt=\"\" \/><div style=\"padding-bottom:100%\"><\/div><\/div><div class=\"w-vwrapper usg_vwrapper_1 align_center valign_middle\"><h3 class=\"w-post-elm post_title usg_post_title_1 entry-title color_link_inherit\">Protection tuyau d&rsquo;\u00e9chappement<\/h3><\/div>\t\t<\/div>\r\n\t\t\t<\/article>\r\n\t<article class=\"w-grid-item size_1x1 post-280 us_portfolio type-us_portfolio status-publish has-post-thumbnail hentry us_portfolio_category-fabricantes-maquinaria\" data-id=\"280\">\r\n\t\t<div class=\"w-grid-item-h\">\r\n\t\t\t\t\t\t\t<a href=\"https:\/\/vidaltech.net\/fr\/portfolio\/boca-aspiracion\/\" class=\"w-grid-item-anchor\" aria-label=\"Bouche d&rsquo;aspiration\"><\/a>\r\n\t\t\t\t\t\t<div class=\"w-post-elm post_image usg_post_image_1 has_ratio\"><img loading=\"lazy\" decoding=\"async\" width=\"1920\" height=\"1280\" src=\"https:\/\/vidaltech.net\/wp-content\/uploads\/2019\/07\/boca-aspiracio.jpg\" class=\"attachment-full size-full wp-post-image\" alt=\"\" \/><div style=\"padding-bottom:100%\"><\/div><\/div><div class=\"w-vwrapper usg_vwrapper_1 align_center valign_middle\"><h3 class=\"w-post-elm post_title usg_post_title_1 entry-title color_link_inherit\">Bouche d&rsquo;aspiration<\/h3><\/div>\t\t<\/div>\r\n\t\t\t<\/article>\r\n\t<article class=\"w-grid-item size_1x1 post-466 us_portfolio type-us_portfolio status-publish has-post-thumbnail hentry us_portfolio_category-fabricantes-maquinaria\" data-id=\"466\">\r\n\t\t<div class=\"w-grid-item-h\">\r\n\t\t\t\t\t\t\t<a href=\"https:\/\/vidaltech.net\/fr\/portfolio\/bastidor\/\" class=\"w-grid-item-anchor\" aria-label=\"Ch\u00e2ssis\"><\/a>\r\n\t\t\t\t\t\t<div class=\"w-post-elm post_image usg_post_image_1 has_ratio\"><img loading=\"lazy\" decoding=\"async\" width=\"1920\" height=\"1280\" src=\"https:\/\/vidaltech.net\/wp-content\/uploads\/2019\/07\/bastidor.jpg\" class=\"attachment-full size-full wp-post-image\" alt=\"\" \/><div style=\"padding-bottom:100%\"><\/div><\/div><div class=\"w-vwrapper usg_vwrapper_1 align_center valign_middle\"><h3 class=\"w-post-elm post_title usg_post_title_1 entry-title color_link_inherit\">Ch\u00e2ssis<\/h3><\/div>\t\t<\/div>\r\n\t\t\t<\/article>\r\n<\/div>\t<div class=\"w-grid-preloader\">\r\n\t\t<div class=\"g-preloader type_1\">\r\n\t\t\t<div><\/div>\r\n\t\t<\/div>\r\n\t<\/div>\r\n\t\t<div class=\"w-grid-json hidden\" onclick='return {&quot;action&quot;:&quot;us_ajax_grid&quot;,&quot;infinite_scroll&quot;:0,&quot;max_num_pages&quot;:1,&quot;pagination&quot;:&quot;none&quot;,&quot;template_vars&quot;:{&quot;columns&quot;:&quot;5&quot;,&quot;exclude_items&quot;:&quot;none&quot;,&quot;img_size&quot;:&quot;default&quot;,&quot;ignore_items_size&quot;:0,&quot;items_layout&quot;:&quot;324&quot;,&quot;items_offset&quot;:&quot;1&quot;,&quot;load_animation&quot;:&quot;none&quot;,&quot;overriding_link&quot;:&quot;%7B%22type%22%3A%22post%22%7D&quot;,&quot;post_id&quot;:0,&quot;query_args&quot;:{&quot;post_type&quot;:[&quot;us_portfolio&quot;],&quot;tax_query&quot;:[{&quot;taxonomy&quot;:&quot;us_portfolio_category&quot;,&quot;field&quot;:&quot;slug&quot;,&quot;terms&quot;:[&quot;fabricantes-maquinaria&quot;]}],&quot;post_status&quot;:[&quot;publish&quot;],&quot;posts_per_page&quot;:999},&quot;orderby_query_args&quot;:{&quot;orderby&quot;:{&quot;date&quot;:&quot;DESC&quot;}},&quot;type&quot;:&quot;grid&quot;,&quot;us_grid_post_type&quot;:&quot;us_portfolio&quot;,&quot;us_grid_ajax_index&quot;:4,&quot;us_grid_filter_query_string&quot;:null,&quot;us_grid_index&quot;:4,&quot;page_args&quot;:[]}}'><\/div>\r\n\t<\/div><\/div><\/div><\/div><\/div><\/div><\/section>","protected":false},"excerpt":{"rendered":"Ch\u00e2ssisPagesMides generals: 2850x1270x400 Material: S355MC Plegat: ISO 2768 cL Soldadura: MIG-MAG Toler\u00e0ncies de plegat: ISO 2768cL Acabat: RAL7012 Nota: Toler\u00e0ncia entre extrems \u00b11 Support de fixationPointe bras inf\u00e9rieur pantographe ferroviaire","protected":false},"author":1,"featured_media":0,"parent":25,"menu_order":2,"comment_status":"closed","ping_status":"open","template":"","meta":{"footnotes":""},"class_list":["post-29","page","type-page","status-publish","hentry"],"_links":{"self":[{"href":"https:\/\/vidaltech.net\/fr\/wp-json\/wp\/v2\/pages\/29","targetHints":{"allow":["GET"]}}],"collection":[{"href":"https:\/\/vidaltech.net\/fr\/wp-json\/wp\/v2\/pages"}],"about":[{"href":"https:\/\/vidaltech.net\/fr\/wp-json\/wp\/v2\/types\/page"}],"author":[{"embeddable":true,"href":"https:\/\/vidaltech.net\/fr\/wp-json\/wp\/v2\/users\/1"}],"replies":[{"embeddable":true,"href":"https:\/\/vidaltech.net\/fr\/wp-json\/wp\/v2\/comments?post=29"}],"version-history":[{"count":0,"href":"https:\/\/vidaltech.net\/fr\/wp-json\/wp\/v2\/pages\/29\/revisions"}],"up":[{"embeddable":true,"href":"https:\/\/vidaltech.net\/fr\/wp-json\/wp\/v2\/pages\/25"}],"wp:attachment":[{"href":"https:\/\/vidaltech.net\/fr\/wp-json\/wp\/v2\/media?parent=29"}],"curies":[{"name":"wp","href":"https:\/\/api.w.org\/{rel}","templated":true}]}}