{"id":597,"date":"2019-07-24T11:22:11","date_gmt":"2019-07-24T11:22:11","guid":{"rendered":"http:\/\/vidaltech.net\/?page_id=597"},"modified":"2020-11-03T07:54:05","modified_gmt":"2020-11-03T07:54:05","slug":"politica-qualitat-2","status":"publish","type":"page","link":"https:\/\/vidaltech.net\/fr\/politica-qualitat-2\/","title":{"rendered":"Politique de qualit\u00e9"},"content":{"rendered":"<section class=\"l-section wpb_row height_small\"><div class=\"l-section-h i-cf\"><div class=\"g-cols vc_row via_flex valign_top type_default stacking_default\"><div class=\"vc_col-sm-12 wpb_column vc_column_container\"><div class=\"vc_column-inner\"><div class=\"wpb_wrapper\"><div class=\"wpb_text_column\"><div class=\"wpb_wrapper\"><h1>Politique de Qualit\u00e9<\/h1>\n<p>Planxisteria Industrial M. Vidal SL d\u00e9veloppe les activit\u00e9s de chaudronnerie et de t\u00f4lerie industrielle de pr\u00e9cision et de soudure homologu\u00e9e depuis 1963. L\u2019entreprise d\u00e9finit son orientation strat\u00e9gique en fonction du contexte de l\u2019organisation, de l\u2019analyse des risques et des opportunit\u00e9s, tout en observant les attentes des diff\u00e9rentes parties int\u00e9ress\u00e9es.<\/p>\n<p>La qualit\u00e9 est mise en \u00e9vidence au travers de chacune de nos actions, et constitue en elle-m\u00eame une partie intrins\u00e8que du produit final. Toutes les personnes qui composons Planxisteria Industrial M. Vidal travaillons avec s\u00e9rieux pour offrir des produits et des services de qualit\u00e9, car nous sommes totalement conscients de l\u2019importance d\u2019atteindre cet objectif.<\/p>\n<p>La philosophie de notre entreprise repose sur la qualit\u00e9, et nous pousse constamment \u00e0 chercher des am\u00e9liorations sur tous nos processus pour garantir l\u2019excellence de nos produits, de la compr\u00e9hension des besoins de nos clients jusqu\u2019\u00e0 la qualit\u00e9 de nos services.<\/p>\n<p>Notre engagement pour la qualit\u00e9 vise \u00e0 :<\/p>\n<ul>\n<li>\u00a0Assurer le respect de toutes les normes s\u2019appliquant \u00e0 l\u2019activit\u00e9.<\/li>\n<li>\u00a0Assurer l\u2019obtention d\u2019un produit satisfaisant les besoins du client et des parties int\u00e9ress\u00e9es, en respectant leurs exigences.<\/li>\n<li>\u00a0Obtenir l\u2019excellence de nos produits, en remplissant les exigences de la norme ISO 9001:2015 ainsi que les objectifs de qualit\u00e9.<\/li>\n<li>\u00a0Sensibiliser et former le personnel de l\u2019entreprise pour que chacun soit comp\u00e9tent dans sa t\u00e2che et atteigne les objectifs propos\u00e9s.<\/li>\n<li>\u00a0Chercher l\u2019optimisation de nos processus de production sans renoncer \u00e0 la maintenance de la qualit\u00e9.<\/li>\n<\/ul>\n<p>La direction<\/p>\n<\/div><\/div><\/div><\/div><\/div><\/div><\/div><\/section>","protected":false},"excerpt":{"rendered":"Politique de Qualit\u00e9 Planxisteria Industrial M. Vidal SL d\u00e9veloppe les activit\u00e9s de chaudronnerie et de t\u00f4lerie industrielle de pr\u00e9cision et de soudure homologu\u00e9e depuis 1963. L\u2019entreprise d\u00e9finit son orientation strat\u00e9gique en fonction du contexte de l\u2019organisation, de l\u2019analyse des risques et des opportunit\u00e9s, tout en observant les attentes des diff\u00e9rentes parties int\u00e9ress\u00e9es. La qualit\u00e9 est...","protected":false},"author":1,"featured_media":0,"parent":0,"menu_order":8,"comment_status":"closed","ping_status":"closed","template":"","meta":{"footnotes":""},"class_list":["post-597","page","type-page","status-publish","hentry"],"_links":{"self":[{"href":"https:\/\/vidaltech.net\/fr\/wp-json\/wp\/v2\/pages\/597","targetHints":{"allow":["GET"]}}],"collection":[{"href":"https:\/\/vidaltech.net\/fr\/wp-json\/wp\/v2\/pages"}],"about":[{"href":"https:\/\/vidaltech.net\/fr\/wp-json\/wp\/v2\/types\/page"}],"author":[{"embeddable":true,"href":"https:\/\/vidaltech.net\/fr\/wp-json\/wp\/v2\/users\/1"}],"replies":[{"embeddable":true,"href":"https:\/\/vidaltech.net\/fr\/wp-json\/wp\/v2\/comments?post=597"}],"version-history":[{"count":0,"href":"https:\/\/vidaltech.net\/fr\/wp-json\/wp\/v2\/pages\/597\/revisions"}],"wp:attachment":[{"href":"https:\/\/vidaltech.net\/fr\/wp-json\/wp\/v2\/media?parent=597"}],"curies":[{"name":"wp","href":"https:\/\/api.w.org\/{rel}","templated":true}]}}